{"id":3117,"date":"2022-06-20T12:04:42","date_gmt":"2022-06-20T12:04:42","guid":{"rendered":"https:\/\/stenclassics.com\/shop-5\/non class\u00e9\/soupape-dair-auxiliaire-coulisseau-bosch-pour-m116-m117-0-280-140-017\/"},"modified":"2024-02-19T05:17:35","modified_gmt":"2024-02-19T05:17:35","slug":"auxiliaire-coulissant-de-soupape-dair-bosch-pour-mercedes-250ce-w114-copie","status":"publish","type":"product","link":"https:\/\/stenclassics.com\/fr\/produit\/auxiliaire-coulissant-de-soupape-dair-bosch-pour-mercedes-250ce-w114-copie\/","title":{"rendered":"Soupape d&rsquo;air auxiliaire \/ coulisseau Bosch pour M116 M117 &#8211; 0 280 140 017"},"content":{"rendered":"<p>Pour\/sur :<\/p>\n<ul>\n<li>MERCEDES M116 3.5 et M117 4.5 1969 &#8211; 1980<\/li>\n<li>W108 280SE 3.5, 280SEL 3.5, 280SE 4.5, 280SEL 4.5<\/li>\n<li>W109 300SEL 3.5, 300SEL 4.5<\/li>\n<li>W111 280SE 3.5 coup\u00e9<\/li>\n<li>W111 280SE 3.5 cabriolet<\/li>\n<li>R107 350SL, C107 350SLC, W116 350SE \/ 350SEL<\/li>\n<li>R107 450SL , C107 450SLC, W116 450SE \/ 450SEL<\/li>\n<\/ul>\n<p>BOSCH Num\u00e9ro d&rsquo;article: 0 280 140 017 \/ 0280140017<br \/>\nMERCEDES Num\u00e9ro d&rsquo;article: 000 141 03 25 \/ 0001410325<\/p>\n<p>Cela signifie que nous avons besoin de votre ancien toboggan d\u00e9fectueux en \u00e9change. Pour cela, nous avons besoin d&rsquo;une caution de \u20ac 200,-.<br \/>\nLa caution de 200 \u20ac vous sera restitu\u00e9e d\u00e8s que nous aurons re\u00e7u votre ancienne pi\u00e8ce, portant le m\u00eame num\u00e9ro de pi\u00e8ce, en retour.<\/p>\n<p>Vous pouvez \u00e9galement nous envoyer votre vanne d&rsquo;air auxiliaire d\u00e9fectueuse avant que nous vous envoyions la vanne d&rsquo;air auxiliaire reconditionn\u00e9e. Dans ce cas, vous n&rsquo;avez pas besoin de payer l&rsquo;acompte. Dans ce cas, vous n&rsquo;avez pas \u00e0 verser d&rsquo;acompte.<\/p>\n<p>Il s&rsquo;agit d&rsquo;une vanne d&rsquo;air auxiliaire d&rsquo;origine reconstruite. La valve d&rsquo;origine a \u00e9t\u00e9 nettoy\u00e9e par ultrasons \u00e0 l&rsquo;int\u00e9rieur et \u00e0 l&rsquo;ext\u00e9rieur.<br \/>\nLes pi\u00e8ces int\u00e9rieures sont enti\u00e8rement renouvel\u00e9es avec des pi\u00e8ces d&rsquo;origine (pas de pi\u00e8ces de rechange).<\/p>\n<p>Apr\u00e8s notre reconstruction, nous testons toujours nos pi\u00e8ces de mani\u00e8re approfondie pour nous assurer que le fonctionnement \u00e0 100 % est garanti et donne la m\u00eame qualit\u00e9 qu&rsquo;une pi\u00e8ce neuve (co\u00fbte 487 \u20ac,-)<\/p>\n<p>Contenu de la livraison:<\/p>\n<ul>\n<li>Reconstruction de la vanne d&rsquo;air auxiliaire<\/li>\n<li>Joint<\/li>\n<li>Joint extra liquide<\/li>\n<li>Installation Manuel<\/li>\n<li>1 an de garantie<\/li>\n<\/ul>\n<p>Achetez chez moi en toute confiance. S&rsquo;il vous pla\u00eet voir nos critiques 100% positives. Si quelque chose ne doit pas \u00eatre en ordre, ce n&rsquo;est pas une raison pour une \u00e9valuation n\u00e9gative. La satisfaction du client \u00e0 100 % est tr\u00e8s importante pour nous.<\/p>\n","protected":false},"excerpt":{"rendered":"<p>Il s&rsquo;agit d&rsquo;une vanne d&rsquo;air auxiliaire d&rsquo;origine reconstruite sur la base d&rsquo;un \u00e9change. Cela signifie que nous avons besoin de votre ancienne pi\u00e8ce d\u00e9fectueuse.<\/p>\n<p>Pour\/sur :<\/p>\n<ul>\n<li>MERCEDES M116 3.5 et M117 4.5 1969 &#8211; 1980<\/li>\n<li>W108 280SE 3.5, 280SEL 3.5, 280SE 4.5, 280SEL 4.5<\/li>\n<li>W109 300SEL 3.5, 300SEL 4.5<\/li>\n<li>W111 280SE 3.5 coup\u00e9<\/li>\n<li>W111 280SE 3.5 cabriolet<\/li>\n<li>R107 350SL, C107 350SLC, W116 350SE \/ 350SEL<\/li>\n<li>R107 450SL , C107 450SLC, W116 450SE \/ 450SEL<\/li>\n<\/ul>\n","protected":false},"featured_media":2669,"comment_status":"open","ping_status":"closed","template":"","meta":{"_kad_post_transparent":"","_kad_post_title":"","_kad_post_layout":"","_kad_post_sidebar_id":"","_kad_post_content_style":"","_kad_post_vertical_padding":"","_kad_post_feature":"","_kad_post_feature_position":"","_kad_post_header":false,"_kad_post_footer":false},"product_cat":[1443,1445,1447,1449,1450,1448,1446,1444,1451,1414],"product_tag":[1111,1060,1058,1440,1439,1061,1441],"class_list":{"0":"post-3117","1":"product","2":"type-product","3":"status-publish","4":"has-post-thumbnail","6":"product_cat-mercedes-r-c-107-fr","7":"product_cat-mercedes-w108-w109-fr","8":"product_cat-mercedes-w110-w111-w112-fr","9":"product_cat-mercedes-w116-fr","10":"product_cat-systemes-dadmission-fr-5","11":"product_cat-systemes-dadmission-fr-4","12":"product_cat-systemes-dadmission-fr-3","13":"product_cat-systemes-dadmission-fr-2","14":"product_cat-systemes-dadmission-fr-6","15":"product_cat-mercedes-m116-fr","16":"product_tag-450slc-fr-2","17":"product_tag-bosch-fr-2","18":"product_tag-mercedes-fr","19":"product_tag-original-fr","20":"product_tag-reconstruire","21":"product_tag-vanne-dair-auxiliaire-fr","22":"product_tag-w114-fr","23":"product_shipping_class-ue","24":"pa_old-part-return-required-jenverrai-ma-vanne-dair-auxiliaire","25":"pa_old-part-return-required-je-paierai-une-caution-de-200-euros","27":"first","28":"instock","29":"shipping-taxable","30":"purchasable","31":"product-type-variable","32":"has-default-attributes","33":"entry","34":"content-bg","35":"loop-entry"},"yoast_head":"<!-- This site is optimized with the Yoast SEO plugin v26.8 - https:\/\/yoast.com\/product\/yoast-seo-wordpress\/ -->\n<title>Soupape d&#039;air auxiliaire \/ coulisseau Bosch pour M116 M117 - 0 280 140 017 - Sten Classics<\/title>\n<meta name=\"robots\" content=\"index, follow, max-snippet:-1, max-image-preview:large, max-video-preview:-1\" \/>\n<link rel=\"canonical\" href=\"https:\/\/stenclassics.com\/fr\/produit\/auxiliaire-coulissant-de-soupape-dair-bosch-pour-mercedes-250ce-w114-copie\/\" \/>\n<meta property=\"og:locale\" content=\"fr_FR\" \/>\n<meta property=\"og:type\" content=\"article\" \/>\n<meta property=\"og:title\" content=\"Soupape d&#039;air auxiliaire \/ coulisseau Bosch pour M116 M117 - 0 280 140 017 - Sten Classics\" \/>\n<meta property=\"og:description\" content=\"Il s&#039;agit d&#039;une vanne d&#039;air auxiliaire d&#039;origine reconstruite sur la base d&#039;un \u00e9change. Cela signifie que nous avons besoin de votre ancienne pi\u00e8ce d\u00e9fectueuse. Pour\/sur :  MERCEDES M116 3.5 et M117 4.5 1969 - 1980  W108 280SE 3.5, 280SEL 3.5, 280SE 4.5, 280SEL 4.5  W109 300SEL 3.5, 300SEL 4.5  W111 280SE 3.5 coup\u00e9  W111 280SE 3.5 cabriolet  R107 350SL, C107 350SLC, W116 350SE \/ 350SEL  R107 450SL , C107 450SLC, W116 450SE \/ 450SEL\" \/>\n<meta property=\"og:url\" content=\"https:\/\/stenclassics.com\/fr\/produit\/auxiliaire-coulissant-de-soupape-dair-bosch-pour-mercedes-250ce-w114-copie\/\" \/>\n<meta property=\"og:site_name\" content=\"Sten Classics\" \/>\n<meta property=\"article:modified_time\" content=\"2024-02-19T05:17:35+00:00\" \/>\n<meta property=\"og:image\" content=\"https:\/\/stenclassics.com\/wp-content\/uploads\/2022\/06\/small-0280140017-m116-m117-1.jpg\" \/>\n\t<meta property=\"og:image:width\" content=\"2016\" \/>\n\t<meta property=\"og:image:height\" content=\"1347\" \/>\n\t<meta property=\"og:image:type\" content=\"image\/jpeg\" \/>\n<meta name=\"twitter:card\" content=\"summary_large_image\" \/>\n<meta name=\"twitter:label1\" content=\"Dur\u00e9e de lecture estim\u00e9e\" \/>\n\t<meta name=\"twitter:data1\" content=\"1 minute\" \/>\n<script type=\"application\/ld+json\" class=\"yoast-schema-graph\">{\"@context\":\"https:\/\/schema.org\",\"@graph\":[{\"@type\":\"WebPage\",\"@id\":\"https:\/\/stenclassics.com\/fr\/produit\/auxiliaire-coulissant-de-soupape-dair-bosch-pour-mercedes-250ce-w114-copie\/\",\"url\":\"https:\/\/stenclassics.com\/fr\/produit\/auxiliaire-coulissant-de-soupape-dair-bosch-pour-mercedes-250ce-w114-copie\/\",\"name\":\"Soupape d'air auxiliaire \/ coulisseau Bosch pour M116 M117 - 0 280 140 017 - Sten Classics\",\"isPartOf\":{\"@id\":\"https:\/\/stenclassics.com\/fr\/#website\"},\"primaryImageOfPage\":{\"@id\":\"https:\/\/stenclassics.com\/fr\/produit\/auxiliaire-coulissant-de-soupape-dair-bosch-pour-mercedes-250ce-w114-copie\/#primaryimage\"},\"image\":{\"@id\":\"https:\/\/stenclassics.com\/fr\/produit\/auxiliaire-coulissant-de-soupape-dair-bosch-pour-mercedes-250ce-w114-copie\/#primaryimage\"},\"thumbnailUrl\":\"https:\/\/stenclassics.com\/wp-content\/uploads\/2022\/06\/small-0280140017-m116-m117-1.jpg\",\"datePublished\":\"2022-06-20T12:04:42+00:00\",\"dateModified\":\"2024-02-19T05:17:35+00:00\",\"breadcrumb\":{\"@id\":\"https:\/\/stenclassics.com\/fr\/produit\/auxiliaire-coulissant-de-soupape-dair-bosch-pour-mercedes-250ce-w114-copie\/#breadcrumb\"},\"inLanguage\":\"fr-FR\",\"potentialAction\":[{\"@type\":\"ReadAction\",\"target\":[\"https:\/\/stenclassics.com\/fr\/produit\/auxiliaire-coulissant-de-soupape-dair-bosch-pour-mercedes-250ce-w114-copie\/\"]}]},{\"@type\":\"ImageObject\",\"inLanguage\":\"fr-FR\",\"@id\":\"https:\/\/stenclassics.com\/fr\/produit\/auxiliaire-coulissant-de-soupape-dair-bosch-pour-mercedes-250ce-w114-copie\/#primaryimage\",\"url\":\"https:\/\/stenclassics.com\/wp-content\/uploads\/2022\/06\/small-0280140017-m116-m117-1.jpg\",\"contentUrl\":\"https:\/\/stenclassics.com\/wp-content\/uploads\/2022\/06\/small-0280140017-m116-m117-1.jpg\",\"width\":2016,\"height\":1347},{\"@type\":\"BreadcrumbList\",\"@id\":\"https:\/\/stenclassics.com\/fr\/produit\/auxiliaire-coulissant-de-soupape-dair-bosch-pour-mercedes-250ce-w114-copie\/#breadcrumb\",\"itemListElement\":[{\"@type\":\"ListItem\",\"position\":1,\"name\":\"Home\",\"item\":\"https:\/\/stenclassics.com\/fr\/\"},{\"@type\":\"ListItem\",\"position\":2,\"name\":\"Boutique\",\"item\":\"https:\/\/stenclassics.com\/fr\/boutique\/\"},{\"@type\":\"ListItem\",\"position\":3,\"name\":\"Soupape d&rsquo;air auxiliaire \/ coulisseau Bosch pour M116 M117 &#8211; 0 280 140 017\"}]},{\"@type\":\"WebSite\",\"@id\":\"https:\/\/stenclassics.com\/fr\/#website\",\"url\":\"https:\/\/stenclassics.com\/fr\/\",\"name\":\"Sten Classics\",\"description\":\"Mercedes Oldtimer onderdelen\",\"publisher\":{\"@id\":\"https:\/\/stenclassics.com\/fr\/#organization\"},\"potentialAction\":[{\"@type\":\"SearchAction\",\"target\":{\"@type\":\"EntryPoint\",\"urlTemplate\":\"https:\/\/stenclassics.com\/fr\/?s={search_term_string}\"},\"query-input\":{\"@type\":\"PropertyValueSpecification\",\"valueRequired\":true,\"valueName\":\"search_term_string\"}}],\"inLanguage\":\"fr-FR\"},{\"@type\":\"Organization\",\"@id\":\"https:\/\/stenclassics.com\/fr\/#organization\",\"name\":\"Sten Classics\",\"url\":\"https:\/\/stenclassics.com\/fr\/\",\"logo\":{\"@type\":\"ImageObject\",\"inLanguage\":\"fr-FR\",\"@id\":\"https:\/\/stenclassics.com\/fr\/#\/schema\/logo\/image\/\",\"url\":\"https:\/\/stenclassics.com\/wp-content\/uploads\/2022\/05\/600x200trans.png\",\"contentUrl\":\"https:\/\/stenclassics.com\/wp-content\/uploads\/2022\/05\/600x200trans.png\",\"width\":600,\"height\":200,\"caption\":\"Sten Classics\"},\"image\":{\"@id\":\"https:\/\/stenclassics.com\/fr\/#\/schema\/logo\/image\/\"},\"sameAs\":[\"https:\/\/www.youtube.com\/user\/stentuning\"]}]}<\/script>\n<!-- \/ Yoast SEO plugin. -->","yoast_head_json":{"title":"Soupape d'air auxiliaire \/ coulisseau Bosch pour M116 M117 - 0 280 140 017 - Sten Classics","robots":{"index":"index","follow":"follow","max-snippet":"max-snippet:-1","max-image-preview":"max-image-preview:large","max-video-preview":"max-video-preview:-1"},"canonical":"https:\/\/stenclassics.com\/fr\/produit\/auxiliaire-coulissant-de-soupape-dair-bosch-pour-mercedes-250ce-w114-copie\/","og_locale":"fr_FR","og_type":"article","og_title":"Soupape d'air auxiliaire \/ coulisseau Bosch pour M116 M117 - 0 280 140 017 - Sten Classics","og_description":"Il s'agit d'une vanne d'air auxiliaire d'origine reconstruite sur la base d'un \u00e9change. Cela signifie que nous avons besoin de votre ancienne pi\u00e8ce d\u00e9fectueuse. Pour\/sur :  MERCEDES M116 3.5 et M117 4.5 1969 - 1980  W108 280SE 3.5, 280SEL 3.5, 280SE 4.5, 280SEL 4.5  W109 300SEL 3.5, 300SEL 4.5  W111 280SE 3.5 coup\u00e9  W111 280SE 3.5 cabriolet  R107 350SL, C107 350SLC, W116 350SE \/ 350SEL  R107 450SL , C107 450SLC, W116 450SE \/ 450SEL","og_url":"https:\/\/stenclassics.com\/fr\/produit\/auxiliaire-coulissant-de-soupape-dair-bosch-pour-mercedes-250ce-w114-copie\/","og_site_name":"Sten Classics","article_modified_time":"2024-02-19T05:17:35+00:00","og_image":[{"width":2016,"height":1347,"url":"https:\/\/stenclassics.com\/wp-content\/uploads\/2022\/06\/small-0280140017-m116-m117-1.jpg","type":"image\/jpeg"}],"twitter_card":"summary_large_image","twitter_misc":{"Dur\u00e9e de lecture estim\u00e9e":"1 minute"},"schema":{"@context":"https:\/\/schema.org","@graph":[{"@type":"WebPage","@id":"https:\/\/stenclassics.com\/fr\/produit\/auxiliaire-coulissant-de-soupape-dair-bosch-pour-mercedes-250ce-w114-copie\/","url":"https:\/\/stenclassics.com\/fr\/produit\/auxiliaire-coulissant-de-soupape-dair-bosch-pour-mercedes-250ce-w114-copie\/","name":"Soupape d'air auxiliaire \/ coulisseau Bosch pour M116 M117 - 0 280 140 017 - Sten Classics","isPartOf":{"@id":"https:\/\/stenclassics.com\/fr\/#website"},"primaryImageOfPage":{"@id":"https:\/\/stenclassics.com\/fr\/produit\/auxiliaire-coulissant-de-soupape-dair-bosch-pour-mercedes-250ce-w114-copie\/#primaryimage"},"image":{"@id":"https:\/\/stenclassics.com\/fr\/produit\/auxiliaire-coulissant-de-soupape-dair-bosch-pour-mercedes-250ce-w114-copie\/#primaryimage"},"thumbnailUrl":"https:\/\/stenclassics.com\/wp-content\/uploads\/2022\/06\/small-0280140017-m116-m117-1.jpg","datePublished":"2022-06-20T12:04:42+00:00","dateModified":"2024-02-19T05:17:35+00:00","breadcrumb":{"@id":"https:\/\/stenclassics.com\/fr\/produit\/auxiliaire-coulissant-de-soupape-dair-bosch-pour-mercedes-250ce-w114-copie\/#breadcrumb"},"inLanguage":"fr-FR","potentialAction":[{"@type":"ReadAction","target":["https:\/\/stenclassics.com\/fr\/produit\/auxiliaire-coulissant-de-soupape-dair-bosch-pour-mercedes-250ce-w114-copie\/"]}]},{"@type":"ImageObject","inLanguage":"fr-FR","@id":"https:\/\/stenclassics.com\/fr\/produit\/auxiliaire-coulissant-de-soupape-dair-bosch-pour-mercedes-250ce-w114-copie\/#primaryimage","url":"https:\/\/stenclassics.com\/wp-content\/uploads\/2022\/06\/small-0280140017-m116-m117-1.jpg","contentUrl":"https:\/\/stenclassics.com\/wp-content\/uploads\/2022\/06\/small-0280140017-m116-m117-1.jpg","width":2016,"height":1347},{"@type":"BreadcrumbList","@id":"https:\/\/stenclassics.com\/fr\/produit\/auxiliaire-coulissant-de-soupape-dair-bosch-pour-mercedes-250ce-w114-copie\/#breadcrumb","itemListElement":[{"@type":"ListItem","position":1,"name":"Home","item":"https:\/\/stenclassics.com\/fr\/"},{"@type":"ListItem","position":2,"name":"Boutique","item":"https:\/\/stenclassics.com\/fr\/boutique\/"},{"@type":"ListItem","position":3,"name":"Soupape d&rsquo;air auxiliaire \/ coulisseau Bosch pour M116 M117 &#8211; 0 280 140 017"}]},{"@type":"WebSite","@id":"https:\/\/stenclassics.com\/fr\/#website","url":"https:\/\/stenclassics.com\/fr\/","name":"Sten Classics","description":"Mercedes Oldtimer onderdelen","publisher":{"@id":"https:\/\/stenclassics.com\/fr\/#organization"},"potentialAction":[{"@type":"SearchAction","target":{"@type":"EntryPoint","urlTemplate":"https:\/\/stenclassics.com\/fr\/?s={search_term_string}"},"query-input":{"@type":"PropertyValueSpecification","valueRequired":true,"valueName":"search_term_string"}}],"inLanguage":"fr-FR"},{"@type":"Organization","@id":"https:\/\/stenclassics.com\/fr\/#organization","name":"Sten Classics","url":"https:\/\/stenclassics.com\/fr\/","logo":{"@type":"ImageObject","inLanguage":"fr-FR","@id":"https:\/\/stenclassics.com\/fr\/#\/schema\/logo\/image\/","url":"https:\/\/stenclassics.com\/wp-content\/uploads\/2022\/05\/600x200trans.png","contentUrl":"https:\/\/stenclassics.com\/wp-content\/uploads\/2022\/05\/600x200trans.png","width":600,"height":200,"caption":"Sten Classics"},"image":{"@id":"https:\/\/stenclassics.com\/fr\/#\/schema\/logo\/image\/"},"sameAs":["https:\/\/www.youtube.com\/user\/stentuning"]}]}},"_links":{"self":[{"href":"https:\/\/stenclassics.com\/fr\/wp-json\/wp\/v2\/product\/3117","targetHints":{"allow":["GET"]}}],"collection":[{"href":"https:\/\/stenclassics.com\/fr\/wp-json\/wp\/v2\/product"}],"about":[{"href":"https:\/\/stenclassics.com\/fr\/wp-json\/wp\/v2\/types\/product"}],"replies":[{"embeddable":true,"href":"https:\/\/stenclassics.com\/fr\/wp-json\/wp\/v2\/comments?post=3117"}],"version-history":[{"count":0,"href":"https:\/\/stenclassics.com\/fr\/wp-json\/wp\/v2\/product\/3117\/revisions"}],"wp:featuredmedia":[{"embeddable":true,"href":"https:\/\/stenclassics.com\/fr\/wp-json\/wp\/v2\/media\/2669"}],"wp:attachment":[{"href":"https:\/\/stenclassics.com\/fr\/wp-json\/wp\/v2\/media?parent=3117"}],"wp:term":[{"taxonomy":"product_cat","embeddable":true,"href":"https:\/\/stenclassics.com\/fr\/wp-json\/wp\/v2\/product_cat?post=3117"},{"taxonomy":"product_tag","embeddable":true,"href":"https:\/\/stenclassics.com\/fr\/wp-json\/wp\/v2\/product_tag?post=3117"}],"curies":[{"name":"wp","href":"https:\/\/api.w.org\/{rel}","templated":true}]}}